{"id":3000,"date":"2018-12-25T01:45:01","date_gmt":"2018-12-25T01:45:01","guid":{"rendered":"https:\/\/demo.casethemes.net\/lawsight\/?page_id=3"},"modified":"2022-03-14T00:00:18","modified_gmt":"2022-03-14T00:00:18","slug":"terminos-de-uso","status":"publish","type":"page","link":"https:\/\/skol-serna.com\/en\/terminos-de-uso\/","title":{"rendered":"TERMS OF USE"},"content":{"rendered":"<div class=\"vc_row wpb_row vc_row-fluid bg-image-ps-inherit\"><div class=\"wpb_column vc_column_container vc_col-sm-12\"><div class=\"vc_column-inner\"><div class=\"wpb_wrapper\">\n\t<div class=\"wpb_text_column wpb_content_element\" >\n\t\t<div class=\"wpb_wrapper\">\n\t\t\t<p style=\"text-align: justify;\"><strong>Informed consent<\/strong><\/p>\n<p style=\"text-align: justify;\"><em>By subscribing to this Website you authorize Skol &amp; Serna SAS to process your personal data exclusively for the purpose of providing the services offered, receiving information about events, receiving newsletters or news, providing a personalized experience, where may establish communication by itself or through third parties with information, newsletters, surveys, news, offers, promotions, advertising or own activities, our advertisers, allies or linked third parties; and statistical records and analysis of preferences, consumption habits, tastes and user profiling will be compiled. Also to carry out the transfer of this information only for the authorized purposes to linked third parties, allies or related companies.\u00a0<\/em><\/p>\n<p style=\"text-align: justify;\">Al continuar con el registro, el usuario tambi\u00e9n acepta y reconoce que sus datos ser\u00e1n tratados de acuerdo a la &#8221; <a href=\"https:\/\/skol-serna.com\/en\/politica-de-tratamiento-de-la-informacion\/\">Information Treatment Policy<\/a> &#8220;, donde podr\u00e1 conocer m\u00e1s sobre las finalidades autorizadas, y seg\u00fan la cual, de conformidad a la normativa nacional, el usuario permanentemente podr\u00e1 ejercer sus derechos.<\/p>\n\n\t\t<\/div>\n\t<\/div>\n<\/div><\/div><\/div><\/div>","protected":false},"excerpt":{"rendered":"Informed consent By subscribing to this Website you authorize Skol &amp; Serna SAS to process your personal data exclusively for the purposes of providing the services offered, receiving information about events, receiving newsletters or news, providing a personalized experience, in where you can establish communication by yourself or [...]","protected":false},"author":1,"featured_media":0,"parent":0,"menu_order":0,"comment_status":"closed","ping_status":"open","template":"","meta":{"footnotes":""},"class_list":["post-3000","page","type-page","status-publish","hentry"],"_links":{"self":[{"href":"https:\/\/skol-serna.com\/en\/wp-json\/wp\/v2\/pages\/3000","targetHints":{"allow":["GET"]}}],"collection":[{"href":"https:\/\/skol-serna.com\/en\/wp-json\/wp\/v2\/pages"}],"about":[{"href":"https:\/\/skol-serna.com\/en\/wp-json\/wp\/v2\/types\/page"}],"author":[{"embeddable":true,"href":"https:\/\/skol-serna.com\/en\/wp-json\/wp\/v2\/users\/1"}],"replies":[{"embeddable":true,"href":"https:\/\/skol-serna.com\/en\/wp-json\/wp\/v2\/comments?post=3000"}],"version-history":[{"count":7,"href":"https:\/\/skol-serna.com\/en\/wp-json\/wp\/v2\/pages\/3000\/revisions"}],"predecessor-version":[{"id":3558,"href":"https:\/\/skol-serna.com\/en\/wp-json\/wp\/v2\/pages\/3000\/revisions\/3558"}],"wp:attachment":[{"href":"https:\/\/skol-serna.com\/en\/wp-json\/wp\/v2\/media?parent=3000"}],"curies":[{"name":"wp","href":"https:\/\/api.w.org\/{rel}","templated":true}]}}